{"id":4571,"date":"2024-05-28T20:50:25","date_gmt":"2024-05-28T18:50:25","guid":{"rendered":"https:\/\/www.prabina.ch\/?page_id=4571"},"modified":"2024-05-28T20:50:25","modified_gmt":"2024-05-28T18:50:25","slug":"prabina-family-newsletter","status":"publish","type":"page","link":"https:\/\/www.prabina.ch\/en\/prabina-family-newsletter","title":{"rendered":"Prabina Family Newsletter"},"content":{"rendered":"<h2 style=\"text-align: center;\">Newsletters<\/h2>\n<p><img loading=\"lazy\" decoding=\"async\" src=\"https:\/\/www.prabina.ch\/wp-content\/uploads\/2022\/12\/Prabina_Newsletter_26_cover-106x150.jpg\" sizes=\"auto, (max-width: 106px) 100vw, 106px\" srcset=\"https:\/\/www.prabina.ch\/wp-content\/uploads\/2022\/12\/Prabina_Newsletter_26_cover-106x150.jpg 106w, https:\/\/www.prabina.ch\/wp-content\/uploads\/2022\/12\/Prabina_Newsletter_26_cover-17x24.jpg 17w, https:\/\/www.prabina.ch\/wp-content\/uploads\/2022\/12\/Prabina_Newsletter_26_cover-25x36.jpg 25w, https:\/\/www.prabina.ch\/wp-content\/uploads\/2022\/12\/Prabina_Newsletter_26_cover-34x48.jpg 34w, https:\/\/www.prabina.ch\/wp-content\/uploads\/2022\/12\/Prabina_Newsletter_26_cover.jpg 595w\" alt=\"\" width=\"106\" height=\"150\" \/><\/p>\n<p style=\"text-align: center;\"><a title=\"Newsletter 25 Edition\" href=\"https:\/\/www.prabina.ch\/newsletter26\"><b>Newsletter 26<\/b><\/a><\/p>\n<p><img loading=\"lazy\" decoding=\"async\" src=\"https:\/\/www.prabina.ch\/wp-content\/uploads\/2022\/06\/Prabina_Newsletter_25_cover-106x150.jpg\" sizes=\"auto, (max-width: 106px) 100vw, 106px\" srcset=\"https:\/\/www.prabina.ch\/wp-content\/uploads\/2022\/06\/Prabina_Newsletter_25_cover-106x150.jpg 106w, https:\/\/www.prabina.ch\/wp-content\/uploads\/2022\/06\/Prabina_Newsletter_25_cover-17x24.jpg 17w, https:\/\/www.prabina.ch\/wp-content\/uploads\/2022\/06\/Prabina_Newsletter_25_cover-25x36.jpg 25w, https:\/\/www.prabina.ch\/wp-content\/uploads\/2022\/06\/Prabina_Newsletter_25_cover-34x48.jpg 34w, https:\/\/www.prabina.ch\/wp-content\/uploads\/2022\/06\/Prabina_Newsletter_25_cover.jpg 595w\" alt=\"\" width=\"106\" height=\"150\" \/><\/p>\n<p style=\"text-align: center;\"><a title=\"Newsletter 25 Edition\" href=\"https:\/\/www.prabina.ch\/newsletter25\"><b>Newsletter 25<\/b><\/a><\/p>\n<p><img loading=\"lazy\" decoding=\"async\" src=\"https:\/\/www.prabina.ch\/wp-content\/uploads\/2021\/11\/nl24-106x150.jpg\" sizes=\"auto, (max-width: 106px) 100vw, 106px\" srcset=\"https:\/\/www.prabina.ch\/wp-content\/uploads\/2021\/11\/nl24-106x150.jpg 106w, https:\/\/www.prabina.ch\/wp-content\/uploads\/2021\/11\/nl24-724x1024.jpg 724w, https:\/\/www.prabina.ch\/wp-content\/uploads\/2021\/11\/nl24-768x1086.jpg 768w, https:\/\/www.prabina.ch\/wp-content\/uploads\/2021\/11\/nl24-17x24.jpg 17w, https:\/\/www.prabina.ch\/wp-content\/uploads\/2021\/11\/nl24-25x36.jpg 25w, https:\/\/www.prabina.ch\/wp-content\/uploads\/2021\/11\/nl24-34x48.jpg 34w, https:\/\/www.prabina.ch\/wp-content\/uploads\/2021\/11\/nl24.jpg 827w\" alt=\"\" width=\"106\" height=\"150\" \/><\/p>\n<p style=\"text-align: center;\"><a href=\"https:\/\/www.prabina.ch\/newsletter-24\"><b>Newsletter 24<\/b><\/a><\/p>\n<p><img loading=\"lazy\" decoding=\"async\" src=\"https:\/\/www.prabina.ch\/wp-content\/uploads\/2021\/06\/nl23-106x150.jpg\" sizes=\"auto, (max-width: 106px) 100vw, 106px\" srcset=\"https:\/\/www.prabina.ch\/wp-content\/uploads\/2021\/06\/nl23-106x150.jpg 106w, https:\/\/www.prabina.ch\/wp-content\/uploads\/2021\/06\/nl23-724x1024.jpg 724w, https:\/\/www.prabina.ch\/wp-content\/uploads\/2021\/06\/nl23-768x1086.jpg 768w, https:\/\/www.prabina.ch\/wp-content\/uploads\/2021\/06\/nl23-1086x1536.jpg 1086w, https:\/\/www.prabina.ch\/wp-content\/uploads\/2021\/06\/nl23-17x24.jpg 17w, https:\/\/www.prabina.ch\/wp-content\/uploads\/2021\/06\/nl23-25x36.jpg 25w, https:\/\/www.prabina.ch\/wp-content\/uploads\/2021\/06\/nl23-34x48.jpg 34w, https:\/\/www.prabina.ch\/wp-content\/uploads\/2021\/06\/nl23.jpg 1240w\" alt=\"\" width=\"106\" height=\"150\" \/><\/p>\n<p style=\"text-align: center;\"><a href=\"https:\/\/www.prabina.ch\/newsletter23\"><b>Newsletter 23<\/b><\/a><\/p>\n<p><img loading=\"lazy\" decoding=\"async\" src=\"https:\/\/www.prabina.ch\/wp-content\/uploads\/2020\/11\/nl22-106x150.jpg\" sizes=\"auto, (max-width: 106px) 100vw, 106px\" srcset=\"https:\/\/www.prabina.ch\/wp-content\/uploads\/2020\/11\/nl22-106x150.jpg 106w, https:\/\/www.prabina.ch\/wp-content\/uploads\/2020\/11\/nl22-724x1024.jpg 724w, https:\/\/www.prabina.ch\/wp-content\/uploads\/2020\/11\/nl22-768x1086.jpg 768w, https:\/\/www.prabina.ch\/wp-content\/uploads\/2020\/11\/nl22-1086x1536.jpg 1086w, https:\/\/www.prabina.ch\/wp-content\/uploads\/2020\/11\/nl22-17x24.jpg 17w, https:\/\/www.prabina.ch\/wp-content\/uploads\/2020\/11\/nl22-25x36.jpg 25w, https:\/\/www.prabina.ch\/wp-content\/uploads\/2020\/11\/nl22-34x48.jpg 34w, https:\/\/www.prabina.ch\/wp-content\/uploads\/2020\/11\/nl22.jpg 1240w\" alt=\"\" width=\"106\" height=\"150\" \/><\/p>\n<p style=\"text-align: center;\"><a href=\"https:\/\/www.prabina.ch\/newsletter22\"><b>Newsletter 22\u00a0<\/b><\/a><\/p>\n<p><img loading=\"lazy\" decoding=\"async\" src=\"https:\/\/www.prabina.ch\/wp-content\/uploads\/2020\/05\/nl21-107x150.jpg\" sizes=\"auto, (max-width: 107px) 100vw, 107px\" srcset=\"https:\/\/www.prabina.ch\/wp-content\/uploads\/2020\/05\/nl21-107x150.jpg 107w, https:\/\/www.prabina.ch\/wp-content\/uploads\/2020\/05\/nl21-730x1024.jpg 730w, https:\/\/www.prabina.ch\/wp-content\/uploads\/2020\/05\/nl21-768x1077.jpg 768w, https:\/\/www.prabina.ch\/wp-content\/uploads\/2020\/05\/nl21-1096x1536.jpg 1096w, https:\/\/www.prabina.ch\/wp-content\/uploads\/2020\/05\/nl21-17x24.jpg 17w, https:\/\/www.prabina.ch\/wp-content\/uploads\/2020\/05\/nl21-26x36.jpg 26w, https:\/\/www.prabina.ch\/wp-content\/uploads\/2020\/05\/nl21-34x48.jpg 34w, https:\/\/www.prabina.ch\/wp-content\/uploads\/2020\/05\/nl21.jpg 1276w\" alt=\"\" width=\"107\" height=\"150\" \/><\/p>\n<p style=\"text-align: center;\"><a href=\"https:\/\/www.prabina.ch\/newsletter21\"><b>Newsletter 21<\/b><\/a><\/p>\n<p><img loading=\"lazy\" decoding=\"async\" src=\"https:\/\/www.prabina.ch\/wp-content\/uploads\/2020\/05\/nl20-1-107x150.jpg\" sizes=\"auto, (max-width: 107px) 100vw, 107px\" srcset=\"https:\/\/www.prabina.ch\/wp-content\/uploads\/2020\/05\/nl20-1-107x150.jpg 107w, https:\/\/www.prabina.ch\/wp-content\/uploads\/2020\/05\/nl20-1-730x1024.jpg 730w, https:\/\/www.prabina.ch\/wp-content\/uploads\/2020\/05\/nl20-1-768x1077.jpg 768w, https:\/\/www.prabina.ch\/wp-content\/uploads\/2020\/05\/nl20-1-1096x1536.jpg 1096w, https:\/\/www.prabina.ch\/wp-content\/uploads\/2020\/05\/nl20-1-17x24.jpg 17w, https:\/\/www.prabina.ch\/wp-content\/uploads\/2020\/05\/nl20-1-26x36.jpg 26w, https:\/\/www.prabina.ch\/wp-content\/uploads\/2020\/05\/nl20-1-34x48.jpg 34w, https:\/\/www.prabina.ch\/wp-content\/uploads\/2020\/05\/nl20-1.jpg 1276w\" alt=\"\" width=\"107\" height=\"150\" \/><\/p>\n<p style=\"text-align: center;\"><a href=\"https:\/\/www.prabina.ch\/newsletter20-2\"><b>Newsletter 20<\/b><\/a><\/p>\n<p><img loading=\"lazy\" decoding=\"async\" src=\"https:\/\/www.prabina.ch\/wp-content\/uploads\/2019\/05\/nl19-106x150.jpg\" sizes=\"auto, (max-width: 106px) 100vw, 106px\" srcset=\"https:\/\/www.prabina.ch\/wp-content\/uploads\/2019\/05\/nl19-106x150.jpg 106w, https:\/\/www.prabina.ch\/wp-content\/uploads\/2019\/05\/nl19-768x1086.jpg 768w, https:\/\/www.prabina.ch\/wp-content\/uploads\/2019\/05\/nl19-724x1024.jpg 724w, https:\/\/www.prabina.ch\/wp-content\/uploads\/2019\/05\/nl19-17x24.jpg 17w, https:\/\/www.prabina.ch\/wp-content\/uploads\/2019\/05\/nl19-25x36.jpg 25w, https:\/\/www.prabina.ch\/wp-content\/uploads\/2019\/05\/nl19-34x48.jpg 34w, https:\/\/www.prabina.ch\/wp-content\/uploads\/2019\/05\/nl19.jpg 1240w\" alt=\"\" width=\"106\" height=\"150\" \/><\/p>\n<p style=\"text-align: center;\"><b><a href=\"https:\/\/www.prabina.ch\/newsletter-19-edition\">Newsletter 19<\/a>\u00a0<\/b><\/p>\n<p><img loading=\"lazy\" decoding=\"async\" src=\"https:\/\/www.prabina.ch\/wp-content\/uploads\/2018\/12\/nl18-107x150.jpg\" sizes=\"auto, (max-width: 107px) 100vw, 107px\" srcset=\"https:\/\/www.prabina.ch\/wp-content\/uploads\/2018\/12\/nl18-107x150.jpg 107w, https:\/\/www.prabina.ch\/wp-content\/uploads\/2018\/12\/nl18-768x1077.jpg 768w, https:\/\/www.prabina.ch\/wp-content\/uploads\/2018\/12\/nl18-730x1024.jpg 730w, https:\/\/www.prabina.ch\/wp-content\/uploads\/2018\/12\/nl18-17x24.jpg 17w, https:\/\/www.prabina.ch\/wp-content\/uploads\/2018\/12\/nl18-26x36.jpg 26w, https:\/\/www.prabina.ch\/wp-content\/uploads\/2018\/12\/nl18-34x48.jpg 34w, https:\/\/www.prabina.ch\/wp-content\/uploads\/2018\/12\/nl18.jpg 1276w\" alt=\"\" width=\"107\" height=\"150\" \/><\/p>\n<p style=\"text-align: center;\"><a href=\"https:\/\/www.prabina.ch\/newsletter-18-edition\"><b>Newsletter 18<\/b><\/a><\/p>\n<p><img loading=\"lazy\" decoding=\"async\" src=\"https:\/\/www.prabina.ch\/wp-content\/uploads\/2018\/08\/nl17-107x150.jpg\" sizes=\"auto, (max-width: 107px) 100vw, 107px\" srcset=\"https:\/\/www.prabina.ch\/wp-content\/uploads\/2018\/08\/nl17-107x150.jpg 107w, https:\/\/www.prabina.ch\/wp-content\/uploads\/2018\/08\/nl17-768x1078.jpg 768w, https:\/\/www.prabina.ch\/wp-content\/uploads\/2018\/08\/nl17-730x1024.jpg 730w, https:\/\/www.prabina.ch\/wp-content\/uploads\/2018\/08\/nl17-17x24.jpg 17w, https:\/\/www.prabina.ch\/wp-content\/uploads\/2018\/08\/nl17-26x36.jpg 26w, https:\/\/www.prabina.ch\/wp-content\/uploads\/2018\/08\/nl17-34x48.jpg 34w, https:\/\/www.prabina.ch\/wp-content\/uploads\/2018\/08\/nl17.jpg 816w\" alt=\"\" width=\"107\" height=\"150\" \/><\/p>\n<p style=\"text-align: center;\"><a href=\"https:\/\/www.prabina.ch\/newsletter-17-edition\"><b>Newsletter 17<\/b><\/a><\/p>\n<p><img loading=\"lazy\" decoding=\"async\" src=\"https:\/\/www.prabina.ch\/wp-content\/uploads\/2018\/01\/nl16-107x150.jpg\" sizes=\"auto, (max-width: 107px) 100vw, 107px\" srcset=\"https:\/\/www.prabina.ch\/wp-content\/uploads\/2018\/01\/nl16-107x150.jpg 107w, https:\/\/www.prabina.ch\/wp-content\/uploads\/2018\/01\/nl16-768x1077.jpg 768w, https:\/\/www.prabina.ch\/wp-content\/uploads\/2018\/01\/nl16-730x1024.jpg 730w, https:\/\/www.prabina.ch\/wp-content\/uploads\/2018\/01\/nl16-17x24.jpg 17w, https:\/\/www.prabina.ch\/wp-content\/uploads\/2018\/01\/nl16-26x36.jpg 26w, https:\/\/www.prabina.ch\/wp-content\/uploads\/2018\/01\/nl16-34x48.jpg 34w, https:\/\/www.prabina.ch\/wp-content\/uploads\/2018\/01\/nl16.jpg 1024w\" alt=\"\" width=\"107\" height=\"150\" \/><\/p>\n<p style=\"text-align: center;\"><a href=\"https:\/\/www.prabina.ch\/newsletter-16-edition\"><b>Newsletter 16\u00a0<\/b><\/a><\/p>\n<p><img loading=\"lazy\" decoding=\"async\" src=\"https:\/\/www.prabina.ch\/wp-content\/uploads\/2017\/10\/Prabina-Newsletter-15_HQ_nobleed_small-file-1-106x150.jpg\" sizes=\"auto, (max-width: 106px) 100vw, 106px\" srcset=\"https:\/\/www.prabina.ch\/wp-content\/uploads\/2017\/10\/Prabina-Newsletter-15_HQ_nobleed_small-file-1-106x150.jpg 106w, https:\/\/www.prabina.ch\/wp-content\/uploads\/2017\/10\/Prabina-Newsletter-15_HQ_nobleed_small-file-1-768x1086.jpg 768w, https:\/\/www.prabina.ch\/wp-content\/uploads\/2017\/10\/Prabina-Newsletter-15_HQ_nobleed_small-file-1-724x1024.jpg 724w, https:\/\/www.prabina.ch\/wp-content\/uploads\/2017\/10\/Prabina-Newsletter-15_HQ_nobleed_small-file-1-17x24.jpg 17w, https:\/\/www.prabina.ch\/wp-content\/uploads\/2017\/10\/Prabina-Newsletter-15_HQ_nobleed_small-file-1-25x36.jpg 25w, https:\/\/www.prabina.ch\/wp-content\/uploads\/2017\/10\/Prabina-Newsletter-15_HQ_nobleed_small-file-1-34x48.jpg 34w\" alt=\"\" width=\"106\" height=\"150\" \/><\/p>\n<p style=\"text-align: center;\"><a href=\"https:\/\/www.prabina.ch\/newsletter-15-edition\"><b>Newsletter 15<\/b><\/a><\/p>\n<p><img loading=\"lazy\" decoding=\"async\" src=\"https:\/\/www.prabina.ch\/wp-content\/uploads\/2017\/10\/Prabina-Newsletter-14_HQ-print-final-2-1-108x150.jpg\" sizes=\"auto, (max-width: 108px) 100vw, 108px\" srcset=\"https:\/\/www.prabina.ch\/wp-content\/uploads\/2017\/10\/Prabina-Newsletter-14_HQ-print-final-2-1-108x150.jpg 108w, https:\/\/www.prabina.ch\/wp-content\/uploads\/2017\/10\/Prabina-Newsletter-14_HQ-print-final-2-1-768x1065.jpg 768w, https:\/\/www.prabina.ch\/wp-content\/uploads\/2017\/10\/Prabina-Newsletter-14_HQ-print-final-2-1-738x1024.jpg 738w, https:\/\/www.prabina.ch\/wp-content\/uploads\/2017\/10\/Prabina-Newsletter-14_HQ-print-final-2-1-17x24.jpg 17w, https:\/\/www.prabina.ch\/wp-content\/uploads\/2017\/10\/Prabina-Newsletter-14_HQ-print-final-2-1-26x36.jpg 26w, https:\/\/www.prabina.ch\/wp-content\/uploads\/2017\/10\/Prabina-Newsletter-14_HQ-print-final-2-1-35x48.jpg 35w\" alt=\"\" width=\"108\" height=\"150\" \/><\/p>\n<p style=\"text-align: center;\"><a href=\"https:\/\/www.prabina.ch\/newsletter-14-edition\"><b>Newsletter 14<\/b><\/a><\/p>\n<p><img loading=\"lazy\" decoding=\"async\" src=\"https:\/\/www.prabina.ch\/wp-content\/uploads\/2017\/10\/Prabina-Newsletter-13-web-1-106x150.jpg\" sizes=\"auto, (max-width: 106px) 100vw, 106px\" srcset=\"https:\/\/www.prabina.ch\/wp-content\/uploads\/2017\/10\/Prabina-Newsletter-13-web-1-106x150.jpg 106w, https:\/\/www.prabina.ch\/wp-content\/uploads\/2017\/10\/Prabina-Newsletter-13-web-1-768x1086.jpg 768w, https:\/\/www.prabina.ch\/wp-content\/uploads\/2017\/10\/Prabina-Newsletter-13-web-1-724x1024.jpg 724w, https:\/\/www.prabina.ch\/wp-content\/uploads\/2017\/10\/Prabina-Newsletter-13-web-1-17x24.jpg 17w, https:\/\/www.prabina.ch\/wp-content\/uploads\/2017\/10\/Prabina-Newsletter-13-web-1-25x36.jpg 25w, https:\/\/www.prabina.ch\/wp-content\/uploads\/2017\/10\/Prabina-Newsletter-13-web-1-34x48.jpg 34w\" alt=\"\" width=\"106\" height=\"150\" \/><\/p>\n<p style=\"text-align: center;\"><a href=\"https:\/\/www.prabina.ch\/newsletter-13-edition\"><b>Newsletter 13\u00a0<\/b><\/a><\/p>\n<p><img loading=\"lazy\" decoding=\"async\" src=\"https:\/\/www.prabina.ch\/wp-content\/uploads\/2017\/10\/Prabina-Newsletter-12-Final-HQ-1-108x150.jpg\" sizes=\"auto, (max-width: 108px) 100vw, 108px\" srcset=\"https:\/\/www.prabina.ch\/wp-content\/uploads\/2017\/10\/Prabina-Newsletter-12-Final-HQ-1-108x150.jpg 108w, https:\/\/www.prabina.ch\/wp-content\/uploads\/2017\/10\/Prabina-Newsletter-12-Final-HQ-1-768x1065.jpg 768w, https:\/\/www.prabina.ch\/wp-content\/uploads\/2017\/10\/Prabina-Newsletter-12-Final-HQ-1-738x1024.jpg 738w, https:\/\/www.prabina.ch\/wp-content\/uploads\/2017\/10\/Prabina-Newsletter-12-Final-HQ-1-17x24.jpg 17w, https:\/\/www.prabina.ch\/wp-content\/uploads\/2017\/10\/Prabina-Newsletter-12-Final-HQ-1-26x36.jpg 26w, https:\/\/www.prabina.ch\/wp-content\/uploads\/2017\/10\/Prabina-Newsletter-12-Final-HQ-1-35x48.jpg 35w\" alt=\"\" width=\"108\" height=\"150\" \/><\/p>\n<p style=\"text-align: center;\"><b><a href=\"https:\/\/www.prabina.ch\/newsletter-12-edition\">Newsletter 12<\/a>\u00a0<\/b><\/p>\n<p><img loading=\"lazy\" decoding=\"async\" src=\"https:\/\/www.prabina.ch\/wp-content\/uploads\/2017\/10\/GzD-Prabina-Newsletter-11-1-1-106x150.jpg\" sizes=\"auto, (max-width: 106px) 100vw, 106px\" srcset=\"https:\/\/www.prabina.ch\/wp-content\/uploads\/2017\/10\/GzD-Prabina-Newsletter-11-1-1-106x150.jpg 106w, https:\/\/www.prabina.ch\/wp-content\/uploads\/2017\/10\/GzD-Prabina-Newsletter-11-1-1-768x1086.jpg 768w, https:\/\/www.prabina.ch\/wp-content\/uploads\/2017\/10\/GzD-Prabina-Newsletter-11-1-1-724x1024.jpg 724w, https:\/\/www.prabina.ch\/wp-content\/uploads\/2017\/10\/GzD-Prabina-Newsletter-11-1-1-17x24.jpg 17w, https:\/\/www.prabina.ch\/wp-content\/uploads\/2017\/10\/GzD-Prabina-Newsletter-11-1-1-25x36.jpg 25w, https:\/\/www.prabina.ch\/wp-content\/uploads\/2017\/10\/GzD-Prabina-Newsletter-11-1-1-34x48.jpg 34w\" alt=\"\" width=\"106\" height=\"150\" \/><\/p>\n<p style=\"text-align: center;\"><a href=\"https:\/\/www.prabina.ch\/newsletter-11-edition\"><b>Newsletter 11<\/b><\/a><\/p>\n<p><img loading=\"lazy\" decoding=\"async\" src=\"https:\/\/www.prabina.ch\/wp-content\/uploads\/2017\/10\/Prabina-Newsletter-10-1-106x150.jpg\" sizes=\"auto, (max-width: 106px) 100vw, 106px\" srcset=\"https:\/\/www.prabina.ch\/wp-content\/uploads\/2017\/10\/Prabina-Newsletter-10-1-106x150.jpg 106w, https:\/\/www.prabina.ch\/wp-content\/uploads\/2017\/10\/Prabina-Newsletter-10-1-768x1086.jpg 768w, https:\/\/www.prabina.ch\/wp-content\/uploads\/2017\/10\/Prabina-Newsletter-10-1-724x1024.jpg 724w, https:\/\/www.prabina.ch\/wp-content\/uploads\/2017\/10\/Prabina-Newsletter-10-1-17x24.jpg 17w, https:\/\/www.prabina.ch\/wp-content\/uploads\/2017\/10\/Prabina-Newsletter-10-1-25x36.jpg 25w, https:\/\/www.prabina.ch\/wp-content\/uploads\/2017\/10\/Prabina-Newsletter-10-1-34x48.jpg 34w\" alt=\"\" width=\"106\" height=\"150\" \/><\/p>\n<p style=\"text-align: center;\"><a href=\"https:\/\/www.prabina.ch\/newsletter-10-edition\"><b>Newsletter 10<\/b><\/a><\/p>\n<p><img loading=\"lazy\" decoding=\"async\" src=\"https:\/\/www.prabina.ch\/wp-content\/uploads\/2017\/10\/Prabina-Newsletter-Vol-9_small-1-106x150.jpg\" sizes=\"auto, (max-width: 106px) 100vw, 106px\" srcset=\"https:\/\/www.prabina.ch\/wp-content\/uploads\/2017\/10\/Prabina-Newsletter-Vol-9_small-1-106x150.jpg 106w, https:\/\/www.prabina.ch\/wp-content\/uploads\/2017\/10\/Prabina-Newsletter-Vol-9_small-1-768x1087.jpg 768w, https:\/\/www.prabina.ch\/wp-content\/uploads\/2017\/10\/Prabina-Newsletter-Vol-9_small-1-724x1024.jpg 724w, https:\/\/www.prabina.ch\/wp-content\/uploads\/2017\/10\/Prabina-Newsletter-Vol-9_small-1-17x24.jpg 17w, https:\/\/www.prabina.ch\/wp-content\/uploads\/2017\/10\/Prabina-Newsletter-Vol-9_small-1-25x36.jpg 25w, https:\/\/www.prabina.ch\/wp-content\/uploads\/2017\/10\/Prabina-Newsletter-Vol-9_small-1-34x48.jpg 34w\" alt=\"\" width=\"106\" height=\"150\" \/><\/p>\n<p style=\"text-align: center;\"><a href=\"https:\/\/www.prabina.ch\/newsletter-9-edition\"><b>Newsletter 9\u00a0<\/b><\/a><\/p>\n<p><img loading=\"lazy\" decoding=\"async\" src=\"https:\/\/www.prabina.ch\/wp-content\/uploads\/2017\/10\/Prabina-Newsletter-8-1-106x150.jpg\" sizes=\"auto, (max-width: 106px) 100vw, 106px\" srcset=\"https:\/\/www.prabina.ch\/wp-content\/uploads\/2017\/10\/Prabina-Newsletter-8-1-106x150.jpg 106w, https:\/\/www.prabina.ch\/wp-content\/uploads\/2017\/10\/Prabina-Newsletter-8-1-768x1086.jpg 768w, https:\/\/www.prabina.ch\/wp-content\/uploads\/2017\/10\/Prabina-Newsletter-8-1-724x1024.jpg 724w, https:\/\/www.prabina.ch\/wp-content\/uploads\/2017\/10\/Prabina-Newsletter-8-1-17x24.jpg 17w, https:\/\/www.prabina.ch\/wp-content\/uploads\/2017\/10\/Prabina-Newsletter-8-1-25x36.jpg 25w, https:\/\/www.prabina.ch\/wp-content\/uploads\/2017\/10\/Prabina-Newsletter-8-1-34x48.jpg 34w\" alt=\"\" width=\"106\" height=\"150\" \/><\/p>\n<p style=\"text-align: center;\"><a href=\"https:\/\/www.prabina.ch\/newsletter-8-edition\"><b>Newsletter 8<\/b><\/a><\/p>\n<p><img loading=\"lazy\" decoding=\"async\" src=\"https:\/\/www.prabina.ch\/wp-content\/uploads\/2017\/10\/Newsletter_7-1-106x150.jpg\" sizes=\"auto, (max-width: 106px) 100vw, 106px\" srcset=\"https:\/\/www.prabina.ch\/wp-content\/uploads\/2017\/10\/Newsletter_7-1-106x150.jpg 106w, https:\/\/www.prabina.ch\/wp-content\/uploads\/2017\/10\/Newsletter_7-1-768x1086.jpg 768w, https:\/\/www.prabina.ch\/wp-content\/uploads\/2017\/10\/Newsletter_7-1-724x1024.jpg 724w, https:\/\/www.prabina.ch\/wp-content\/uploads\/2017\/10\/Newsletter_7-1-17x24.jpg 17w, https:\/\/www.prabina.ch\/wp-content\/uploads\/2017\/10\/Newsletter_7-1-25x36.jpg 25w, https:\/\/www.prabina.ch\/wp-content\/uploads\/2017\/10\/Newsletter_7-1-34x48.jpg 34w\" alt=\"\" width=\"106\" height=\"150\" \/><\/p>\n<p style=\"text-align: center;\"><a href=\"https:\/\/www.prabina.ch\/newsletter-7-edition\"><b>Newsletter 7<\/b><\/a><\/p>\n<p><img loading=\"lazy\" decoding=\"async\" src=\"https:\/\/www.prabina.ch\/wp-content\/uploads\/2017\/10\/Newsletter_6-1-106x150.jpg\" sizes=\"auto, (max-width: 106px) 100vw, 106px\" srcset=\"https:\/\/www.prabina.ch\/wp-content\/uploads\/2017\/10\/Newsletter_6-1-106x150.jpg 106w, https:\/\/www.prabina.ch\/wp-content\/uploads\/2017\/10\/Newsletter_6-1-768x1086.jpg 768w, https:\/\/www.prabina.ch\/wp-content\/uploads\/2017\/10\/Newsletter_6-1-724x1024.jpg 724w, https:\/\/www.prabina.ch\/wp-content\/uploads\/2017\/10\/Newsletter_6-1-17x24.jpg 17w, https:\/\/www.prabina.ch\/wp-content\/uploads\/2017\/10\/Newsletter_6-1-25x36.jpg 25w, https:\/\/www.prabina.ch\/wp-content\/uploads\/2017\/10\/Newsletter_6-1-34x48.jpg 34w\" alt=\"\" width=\"106\" height=\"150\" \/><\/p>\n<p style=\"text-align: center;\"><b><a href=\"https:\/\/www.prabina.ch\/newsletter-6-edition\">Newsletter 6<\/a>\u00a0<\/b><\/p>\n<p><img loading=\"lazy\" decoding=\"async\" src=\"https:\/\/www.prabina.ch\/wp-content\/uploads\/2017\/10\/Newsletter_5-1-106x150.jpg\" sizes=\"auto, (max-width: 106px) 100vw, 106px\" srcset=\"https:\/\/www.prabina.ch\/wp-content\/uploads\/2017\/10\/Newsletter_5-1-106x150.jpg 106w, https:\/\/www.prabina.ch\/wp-content\/uploads\/2017\/10\/Newsletter_5-1-768x1087.jpg 768w, https:\/\/www.prabina.ch\/wp-content\/uploads\/2017\/10\/Newsletter_5-1-724x1024.jpg 724w, https:\/\/www.prabina.ch\/wp-content\/uploads\/2017\/10\/Newsletter_5-1-17x24.jpg 17w, https:\/\/www.prabina.ch\/wp-content\/uploads\/2017\/10\/Newsletter_5-1-25x36.jpg 25w, https:\/\/www.prabina.ch\/wp-content\/uploads\/2017\/10\/Newsletter_5-1-34x48.jpg 34w\" alt=\"\" width=\"106\" height=\"150\" \/><\/p>\n<p style=\"text-align: center;\"><a href=\"https:\/\/www.prabina.ch\/newsletter-5-edition\"><b>Newsletter 5<\/b><\/a><\/p>\n<p><img loading=\"lazy\" decoding=\"async\" src=\"https:\/\/www.prabina.ch\/wp-content\/uploads\/2017\/10\/Newsletter_4-1-106x150.jpg\" sizes=\"auto, (max-width: 106px) 100vw, 106px\" srcset=\"https:\/\/www.prabina.ch\/wp-content\/uploads\/2017\/10\/Newsletter_4-1-106x150.jpg 106w, https:\/\/www.prabina.ch\/wp-content\/uploads\/2017\/10\/Newsletter_4-1-768x1086.jpg 768w, https:\/\/www.prabina.ch\/wp-content\/uploads\/2017\/10\/Newsletter_4-1-724x1024.jpg 724w, https:\/\/www.prabina.ch\/wp-content\/uploads\/2017\/10\/Newsletter_4-1-17x24.jpg 17w, https:\/\/www.prabina.ch\/wp-content\/uploads\/2017\/10\/Newsletter_4-1-25x36.jpg 25w, https:\/\/www.prabina.ch\/wp-content\/uploads\/2017\/10\/Newsletter_4-1-34x48.jpg 34w\" alt=\"\" width=\"106\" height=\"150\" \/><\/p>\n<p style=\"text-align: center;\"><a href=\"https:\/\/www.prabina.ch\/newsletter-4-edition\"><b>Newsletter 4<\/b><\/a><\/p>\n<p><img loading=\"lazy\" decoding=\"async\" src=\"https:\/\/www.prabina.ch\/wp-content\/uploads\/2017\/10\/Newsletter_3-1-116x150.jpg\" sizes=\"auto, (max-width: 116px) 100vw, 116px\" srcset=\"https:\/\/www.prabina.ch\/wp-content\/uploads\/2017\/10\/Newsletter_3-1-116x150.jpg 116w, https:\/\/www.prabina.ch\/wp-content\/uploads\/2017\/10\/Newsletter_3-1-768x994.jpg 768w, https:\/\/www.prabina.ch\/wp-content\/uploads\/2017\/10\/Newsletter_3-1-791x1024.jpg 791w, https:\/\/www.prabina.ch\/wp-content\/uploads\/2017\/10\/Newsletter_3-1-19x24.jpg 19w, https:\/\/www.prabina.ch\/wp-content\/uploads\/2017\/10\/Newsletter_3-1-28x36.jpg 28w, https:\/\/www.prabina.ch\/wp-content\/uploads\/2017\/10\/Newsletter_3-1-37x48.jpg 37w\" alt=\"\" width=\"116\" height=\"150\" \/><\/p>\n<p style=\"text-align: center;\"><a href=\"https:\/\/www.prabina.ch\/newsletter-3-edition\"><b>Newsletter 3\u00a0<\/b><\/a><\/p>\n<p><img loading=\"lazy\" decoding=\"async\" src=\"https:\/\/www.prabina.ch\/wp-content\/uploads\/2017\/10\/Newsletter_2-1-107x150.jpg\" sizes=\"auto, (max-width: 107px) 100vw, 107px\" srcset=\"https:\/\/www.prabina.ch\/wp-content\/uploads\/2017\/10\/Newsletter_2-1-107x150.jpg 107w, https:\/\/www.prabina.ch\/wp-content\/uploads\/2017\/10\/Newsletter_2-1-768x1082.jpg 768w, https:\/\/www.prabina.ch\/wp-content\/uploads\/2017\/10\/Newsletter_2-1-727x1024.jpg 727w, https:\/\/www.prabina.ch\/wp-content\/uploads\/2017\/10\/Newsletter_2-1-17x24.jpg 17w, https:\/\/www.prabina.ch\/wp-content\/uploads\/2017\/10\/Newsletter_2-1-26x36.jpg 26w, https:\/\/www.prabina.ch\/wp-content\/uploads\/2017\/10\/Newsletter_2-1-34x48.jpg 34w\" alt=\"\" width=\"107\" height=\"150\" \/><\/p>\n<p style=\"text-align: center;\"><a href=\"https:\/\/www.prabina.ch\/newsletter-2-edition-2\"><b>Newsletter 2\u00a0<\/b><\/a><\/p>\n<p><img loading=\"lazy\" decoding=\"async\" src=\"https:\/\/www.prabina.ch\/wp-content\/uploads\/2017\/10\/Newsletter_1-1-116x150.jpg\" sizes=\"auto, (max-width: 116px) 100vw, 116px\" srcset=\"https:\/\/www.prabina.ch\/wp-content\/uploads\/2017\/10\/Newsletter_1-1-116x150.jpg 116w, https:\/\/www.prabina.ch\/wp-content\/uploads\/2017\/10\/Newsletter_1-1-768x994.jpg 768w, https:\/\/www.prabina.ch\/wp-content\/uploads\/2017\/10\/Newsletter_1-1-791x1024.jpg 791w, https:\/\/www.prabina.ch\/wp-content\/uploads\/2017\/10\/Newsletter_1-1-19x24.jpg 19w, https:\/\/www.prabina.ch\/wp-content\/uploads\/2017\/10\/Newsletter_1-1-28x36.jpg 28w, https:\/\/www.prabina.ch\/wp-content\/uploads\/2017\/10\/Newsletter_1-1-37x48.jpg 37w\" alt=\"\" width=\"116\" height=\"150\" \/><\/p>\n<p style=\"text-align: center;\"><a href=\"https:\/\/www.prabina.ch\/newsletter-1-edition\"><b>Newsletter 1\u00a0<\/b><\/a><\/p>\n<h2 style=\"text-align: center;\">Factsheets<\/h2>\n<p style=\"text-align: center;\">Wir erstellen diese gerade noch und danken Ihnen f\u00fcr Ihre Geduld. Falls Sie mehr Informationen ben\u00f6tigen sind wir gerne per E-Mail oder Telefon f\u00fcr Sie da. <a href=\"https:\/\/www.prabina.ch\/kontakt\">Kontaktieren Sie uns<\/a>.<\/p>\n","protected":false},"excerpt":{"rendered":"<p>Newsletters Newsletter 26 Newsletter 25 Newsletter 24 Newsletter 23 Newsletter 22\u00a0 Newsletter 21 Newsletter 20 Newsletter 19\u00a0 Newsletter 18 Newsletter [&hellip;]<\/p>\n","protected":false},"author":3,"featured_media":2589,"parent":0,"menu_order":0,"comment_status":"closed","ping_status":"closed","template":"","meta":{"_acf_changed":false,"inline_featured_image":false,"footnotes":""},"class_list":["post-4571","page","type-page","status-publish","has-post-thumbnail","hentry"],"acf":[],"aioseo_notices":[],"_links":{"self":[{"href":"https:\/\/www.prabina.ch\/en\/wp-json\/wp\/v2\/pages\/4571","targetHints":{"allow":["GET"]}}],"collection":[{"href":"https:\/\/www.prabina.ch\/en\/wp-json\/wp\/v2\/pages"}],"about":[{"href":"https:\/\/www.prabina.ch\/en\/wp-json\/wp\/v2\/types\/page"}],"author":[{"embeddable":true,"href":"https:\/\/www.prabina.ch\/en\/wp-json\/wp\/v2\/users\/3"}],"replies":[{"embeddable":true,"href":"https:\/\/www.prabina.ch\/en\/wp-json\/wp\/v2\/comments?post=4571"}],"version-history":[{"count":2,"href":"https:\/\/www.prabina.ch\/en\/wp-json\/wp\/v2\/pages\/4571\/revisions"}],"predecessor-version":[{"id":5567,"href":"https:\/\/www.prabina.ch\/en\/wp-json\/wp\/v2\/pages\/4571\/revisions\/5567"}],"wp:featuredmedia":[{"embeddable":true,"href":"https:\/\/www.prabina.ch\/en\/wp-json\/wp\/v2\/media\/2589"}],"wp:attachment":[{"href":"https:\/\/www.prabina.ch\/en\/wp-json\/wp\/v2\/media?parent=4571"}],"curies":[{"name":"wp","href":"https:\/\/api.w.org\/{rel}","templated":true}]}}